{"id":384,"date":"2023-02-06T17:44:11","date_gmt":"2023-02-06T17:44:11","guid":{"rendered":"https:\/\/www.umealaia.org\/gipuzkoa\/?page_id=384"},"modified":"2023-02-06T17:44:11","modified_gmt":"2023-02-06T17:44:11","slug":"programa-de-formacion-y-acompanamiento-para-solicitantes-de-adopcion","status":"publish","type":"page","link":"https:\/\/www.umealaia.org\/gipuzkoa\/programa-de-formacion-y-acompanamiento-para-solicitantes-de-adopcion\/?lang=eu","title":{"rendered":"Programa de formaci\u00f3n y acompa\u00f1amiento para solicitantes de adopci\u00f3n"},"content":{"rendered":"<p><strong>Gipuzkoako foru aldundiko Gizarte Politikako Departamentuarekin\u00a0<\/strong><strong>hitzartutako\u00a0<a href=\"http:\/\/www.umealaia.com\/index.php\/eu\/programak\/adopzio-familien-formakuntzarako-programa\/52-zerbitzuak\/124-adobide-programa\">ADOBIDE<\/a> PROGRAMA<a href=\"file:\/\/\/C:\/Users\/Pablo\/Google%20Drive\/web\/umealai\/httpdocs\/httpdocs\/diputacioneusk.htm\"><br \/>\n<\/a><\/strong><br \/>\nPrograma hau adopziorako bidean eta asignazioaren zain dauden familiei formazio zehatza eskeintzen die bahin zihurtagiria lortu hondoren.<\/p>\n<p>Itxaroten dauden familiek, bitarte horretan, ahal duten neurrian,\u00a0prestaketa on bat egiteko oso une interesgarria dela iruditzen zaigu, haurra familiara egokitzeko garaian eta integrazio prozesuan, lagungarria izango delako.<\/p>\n<p>Formazio hau, 12-14 familitako taldeetan eta profesional baten ikuskapenaz egiten da.<\/p>\n<p>Gehienez 3 talde jorratuko dira batera.<\/p>\n<p>Urtarrila eta azaroa bitartean, 2 orduko iraupena duten 9 sesiotan egiten da, guztira 18 ordu eginez.<\/p>\n<p>Ume Alaia Gipuzkoako egoitzan egiten da.<\/p>\n<p><strong>Helburuak<\/strong><\/p>\n<ul>\n<li>Familiei, jabearazi adopzioaren hasieratik, adpzio familia izateak suposatzen duenaz, sozialki eta pertsonalki eta baita dauzkan zailtasunetaz ere.<\/li>\n<li>Familiei informatu, bideratu eta hezitu beraien egoera dena delakoa, adingabekoen integrazioak dakartzan beharretaz,adopzioa gauzatu baino lehen, lotura afektiboak egin dituena, bere historio propioa duena, bere oroitzamenekin, bizipenak, esperientziak&#8230;<\/li>\n<li>Trabeziak igorri, egunez egun, familia eta adingabearen arteko integrazioa laguntzeko.<\/li>\n<li>Adopzioaren irudia errealago bat zabaldu, familien eguneroko bizipenekin bat datorrena.<\/li>\n<\/ul>\n<p><strong>Metodologia<\/strong><\/p>\n<ul>\n<li>Sesionak era aktiboan emango dira, parteartzea bultzatuz jorratuko dira erreflexioa laguntzeko eta norberak dakartzan irudi eta usteen gainean dudak sorraraziz. Aldi berean norberaren errekurtsoak mugiarazi eta era horretara adopzioaren irudi fidelagoa sortuz.<\/li>\n<\/ul>\n<p><strong>Edukiak<\/strong><\/p>\n<p>Jorratu beharreko edukiak, aldez aurretik sakonki landu dira honako gai hauetan oinarrituta, era alltolatu batean azaldu ahal izateko:<\/p>\n<ul>\n<li>Adopzio haurreko prozeduren benetako egoera<\/li>\n<li>Jokaerari buruzko zailtasunak: zergatia eta esanahia<\/li>\n<li>Zer ezaguarazi adingabeei beraiek adoptatua izanari buruz<\/li>\n<li>Famili biologikoaren garrantzia<\/li>\n<li>Nere adopzioaren arrazoiak eta familietan zailtasunak<\/li>\n<li>Gura seme-alabeekiko berdintasun-ezberdintasunak<\/li>\n<li>Gure seme-alaben beharrekin enpatizatzen<\/li>\n<li>Adoptatutako haurreekin topaketa prestatzen<\/li>\n<\/ul>\n<p>&nbsp;<\/p>\n<p>&nbsp;<\/p>\n","protected":false},"excerpt":{"rendered":"<p>Gipuzkoako foru aldundiko Gizarte Politikako Departamentuarekin\u00a0hitzartutako\u00a0ADOBIDE PROGRAMA Programa hau adopziorako bidean eta asignazioaren zain dauden familiei formazio zehatza eskeintzen die bahin zihurtagiria lortu hondoren. Itxaroten dauden familiek, bitarte horretan, ahal duten neurrian,\u00a0prestaketa on bat egiteko oso une interesgarria dela iruditzen zaigu, haurra familiara egokitzeko garaian eta integrazio prozesuan, lagungarria izango delako. Formazio hau, 12-14 familitako [&hellip;]<\/p>\n","protected":false},"author":1,"featured_media":0,"parent":0,"menu_order":0,"comment_status":"closed","ping_status":"closed","template":"","meta":{"_acf_changed":false,"footnotes":""},"class_list":["post-384","page","type-page","status-publish","hentry"],"acf":[],"_links":{"self":[{"href":"https:\/\/www.umealaia.org\/gipuzkoa\/wp-json\/wp\/v2\/pages\/384","targetHints":{"allow":["GET"]}}],"collection":[{"href":"https:\/\/www.umealaia.org\/gipuzkoa\/wp-json\/wp\/v2\/pages"}],"about":[{"href":"https:\/\/www.umealaia.org\/gipuzkoa\/wp-json\/wp\/v2\/types\/page"}],"author":[{"embeddable":true,"href":"https:\/\/www.umealaia.org\/gipuzkoa\/wp-json\/wp\/v2\/users\/1"}],"replies":[{"embeddable":true,"href":"https:\/\/www.umealaia.org\/gipuzkoa\/wp-json\/wp\/v2\/comments?post=384"}],"version-history":[{"count":1,"href":"https:\/\/www.umealaia.org\/gipuzkoa\/wp-json\/wp\/v2\/pages\/384\/revisions"}],"predecessor-version":[{"id":385,"href":"https:\/\/www.umealaia.org\/gipuzkoa\/wp-json\/wp\/v2\/pages\/384\/revisions\/385"}],"wp:attachment":[{"href":"https:\/\/www.umealaia.org\/gipuzkoa\/wp-json\/wp\/v2\/media?parent=384"}],"curies":[{"name":"wp","href":"https:\/\/api.w.org\/{rel}","templated":true}]}}