{"id":293,"date":"2016-04-01T11:46:09","date_gmt":"2016-04-01T11:46:09","guid":{"rendered":"https:\/\/www.umealaia.org\/gipuzkoa\/?page_id=293"},"modified":"2023-05-02T13:08:37","modified_gmt":"2023-05-02T13:08:37","slug":"foros-de-debate-y-listas-de-distribucion","status":"publish","type":"page","link":"https:\/\/www.umealaia.org\/gipuzkoa\/enlaces\/foros-de-debate-y-listas-de-distribucion\/","title":{"rendered":"Foros de debate y listas de distribucion"},"content":{"rendered":"<ul class=\"simple-links-list\" ><li class=\"simple-links-item simple-links-shortcode-item\" id=\"link-279\"><a href=\"http:\/\/www.comeunity.com\/adoption\/listservs.html\" target=\"_blank\" title=\"[:es]Foros de adopci\u00f3n por pa\u00edses (INGL\u00c9S)[:]\" >Foros de adopcion por paises<\/a>- <span class=\"link-description\">[:es]Foros de adopci\u00f3n por pa\u00edses (INGL\u00c9S)[:]<\/span><\/li><li class=\"simple-links-item simple-links-shortcode-item\" id=\"link-281\"><a href=\"http:\/\/www.elistas.net\/lista\/ydespuesque\" target=\"_blank\" title=\"\" >Listas de correo post-adopci\u00f3n<\/a><\/li><li class=\"simple-links-item simple-links-shortcode-item\" id=\"link-283\"><a href=\"http:\/\/www.elistas.net\/lista\/adopcionsiendosoltero\" target=\"_blank\" title=\"[:es]Listas de correo sobre la adopci\u00f3n siendo soltero[:]\" >Adopci\u00f3n siendo soltero<\/a>- <span class=\"link-description\">[:es]Listas de correo sobre la adopci\u00f3n siendo soltero[:]<\/span><\/li><li class=\"simple-links-item simple-links-shortcode-item\" id=\"link-285\"><a href=\"http:\/\/www.elistas.net\/lista\/adoptaenhonduras\/\" target=\"_blank\" title=\"\" >Listas de correo Honduras<\/a><\/li><li class=\"simple-links-item simple-links-shortcode-item\" id=\"link-287\"><a href=\"http:\/\/www.elistas.net\/lista\/adoptabulgaria\/\" target=\"_blank\" title=\"[:es]Listas de correo Bulgaria [:]\" >Listas de correo Bulgaria<\/a>- <span class=\"link-description\">[:es]Listas de correo Bulgaria [:]<\/span><\/li><li class=\"simple-links-item simple-links-shortcode-item\" id=\"link-289\"><a href=\"https:\/\/groups.yahoo.com\/neo\/groups\/RaisingChinaChildren\/links\/Orphanage_Yahoo__Gro_000983302609\/\" target=\"_blank\" title=\"\" >Listas de correo para padres adoptantes en China, seg\u00fan el orfanato (en ingl\u00e9s)<\/a><\/li><\/ul><!-- End .simple-links-list -->\n","protected":false},"excerpt":{"rendered":"","protected":false},"author":1,"featured_media":0,"parent":237,"menu_order":0,"comment_status":"closed","ping_status":"closed","template":"","meta":{"_acf_changed":false,"footnotes":""},"class_list":["post-293","page","type-page","status-publish","hentry"],"acf":[],"_links":{"self":[{"href":"https:\/\/www.umealaia.org\/gipuzkoa\/wp-json\/wp\/v2\/pages\/293","targetHints":{"allow":["GET"]}}],"collection":[{"href":"https:\/\/www.umealaia.org\/gipuzkoa\/wp-json\/wp\/v2\/pages"}],"about":[{"href":"https:\/\/www.umealaia.org\/gipuzkoa\/wp-json\/wp\/v2\/types\/page"}],"author":[{"embeddable":true,"href":"https:\/\/www.umealaia.org\/gipuzkoa\/wp-json\/wp\/v2\/users\/1"}],"replies":[{"embeddable":true,"href":"https:\/\/www.umealaia.org\/gipuzkoa\/wp-json\/wp\/v2\/comments?post=293"}],"version-history":[{"count":3,"href":"https:\/\/www.umealaia.org\/gipuzkoa\/wp-json\/wp\/v2\/pages\/293\/revisions"}],"predecessor-version":[{"id":427,"href":"https:\/\/www.umealaia.org\/gipuzkoa\/wp-json\/wp\/v2\/pages\/293\/revisions\/427"}],"up":[{"embeddable":true,"href":"https:\/\/www.umealaia.org\/gipuzkoa\/wp-json\/wp\/v2\/pages\/237"}],"wp:attachment":[{"href":"https:\/\/www.umealaia.org\/gipuzkoa\/wp-json\/wp\/v2\/media?parent=293"}],"curies":[{"name":"wp","href":"https:\/\/api.w.org\/{rel}","templated":true}]}}