{"id":206,"date":"2016-03-31T16:13:05","date_gmt":"2016-03-31T16:13:05","guid":{"rendered":"https:\/\/www.umealaia.org\/gipuzkoa\/?page_id=206"},"modified":"2023-02-06T17:26:21","modified_gmt":"2023-02-06T17:26:21","slug":"euskera-objetivos","status":"publish","type":"page","link":"https:\/\/www.umealaia.org\/gipuzkoa\/euskera-objetivos\/","title":{"rendered":"Objetivos"},"content":{"rendered":"<ul>\n<li>Ser un lugar de encuentro para adoptantes y adoptados.<\/li>\n<li>Ayudar a las personas adoptantes y adoptadas.<\/li>\n<li>Informaci\u00f3n, orientaci\u00f3n, formaci\u00f3n y asesoramiento.<\/li>\n<li>Favorecer la integraci\u00f3n familiar y social del adoptado.<\/li>\n<li>Trabajar en el \u00e1mbito social para favorecer una legislaci\u00f3n m\u00e1s progresista a favor del menor.<\/li>\n<li>Favorecer la integraci\u00f3n familiar de los menores sin familia.<\/li>\n<li>Contextualizar las necesidades y procesos de los ni\u00f1os, ni\u00f1as y adolescentes y de sus diversas familias en el proceso de post-adopci\u00f3n.<\/li>\n<li>Intercambiar experiencias.<\/li>\n<li>Orientar y asesorar a las familias adoptivas con ni\u00f1os, ni\u00f1as y adolescentes.<\/li>\n<li>Ofrecer formaci\u00f3n continuada a las familias adoptivas que faciliten la comprensi\u00f3n de la paternidad y maternidad adoptiva y dotar de competencias en el manejo de las dificultades y necesidades espec\u00edficas de nuestros hijos.<\/li>\n<li>Facilitar el abordaje de necesidades espec\u00edficas a trav\u00e9s de la organizaci\u00f3n de talleres continuados de trabajo de padres.<\/li>\n<li>Posibilitar un espacio estructurado de formaci\u00f3n t\u00e9cnica y reflexi\u00f3n a los ni\u00f1os, ni\u00f1as y adolescentes adoptados sobre su condici\u00f3n adoptiva, su identidad y dificultades.<\/li>\n<\/ul>\n<p>&nbsp;<\/p>\n","protected":false},"excerpt":{"rendered":"<p>Ser un lugar de encuentro para adoptantes y adoptados. Ayudar a las personas adoptantes y adoptadas. Informaci\u00f3n, orientaci\u00f3n, formaci\u00f3n y asesoramiento. Favorecer la integraci\u00f3n familiar y social del adoptado. Trabajar en el \u00e1mbito social para favorecer una legislaci\u00f3n m\u00e1s progresista a favor del menor. Favorecer la integraci\u00f3n familiar de los menores sin familia. Contextualizar las [&hellip;]<\/p>\n","protected":false},"author":1,"featured_media":0,"parent":0,"menu_order":0,"comment_status":"closed","ping_status":"closed","template":"","meta":{"_acf_changed":false,"footnotes":""},"class_list":["post-206","page","type-page","status-publish","hentry"],"acf":[],"_links":{"self":[{"href":"https:\/\/www.umealaia.org\/gipuzkoa\/wp-json\/wp\/v2\/pages\/206","targetHints":{"allow":["GET"]}}],"collection":[{"href":"https:\/\/www.umealaia.org\/gipuzkoa\/wp-json\/wp\/v2\/pages"}],"about":[{"href":"https:\/\/www.umealaia.org\/gipuzkoa\/wp-json\/wp\/v2\/types\/page"}],"author":[{"embeddable":true,"href":"https:\/\/www.umealaia.org\/gipuzkoa\/wp-json\/wp\/v2\/users\/1"}],"replies":[{"embeddable":true,"href":"https:\/\/www.umealaia.org\/gipuzkoa\/wp-json\/wp\/v2\/comments?post=206"}],"version-history":[{"count":5,"href":"https:\/\/www.umealaia.org\/gipuzkoa\/wp-json\/wp\/v2\/pages\/206\/revisions"}],"predecessor-version":[{"id":366,"href":"https:\/\/www.umealaia.org\/gipuzkoa\/wp-json\/wp\/v2\/pages\/206\/revisions\/366"}],"wp:attachment":[{"href":"https:\/\/www.umealaia.org\/gipuzkoa\/wp-json\/wp\/v2\/media?parent=206"}],"curies":[{"name":"wp","href":"https:\/\/api.w.org\/{rel}","templated":true}]}}