{"id":203,"date":"2016-03-31T16:11:28","date_gmt":"2016-03-31T16:11:28","guid":{"rendered":"https:\/\/www.umealaia.org\/gipuzkoa\/?page_id=203"},"modified":"2022-02-01T11:21:29","modified_gmt":"2022-02-01T11:21:29","slug":"quienes-somos","status":"publish","type":"page","link":"https:\/\/www.umealaia.org\/gipuzkoa\/quienes-somos\/","title":{"rendered":"Quienes somos"},"content":{"rendered":"<p>Ume Alaia nace en Bizkaia en 1994, organiz\u00e1ndose desde el a\u00f1o 2001 en Gipuzkoa como un \u00e1rea de la asociaci\u00f3n con autonom\u00eda en la organizaci\u00f3n de actividades. La evoluci\u00f3n de Ume Alaia se ha producido gracias al empuje de unos padres y madres que quieren vivir y disfrutar con responsabilidad de la parentalidad adoptiva, sin cerrar los ojos a los posibles problemas con los que se puedan encontrar nuestros hijos o nosotros mismos.<\/p>\n<p>Ume Alaia Gipuzkoa se constituye en una Asociaci\u00f3n sin \u00e1nimo de lucro, acogi\u00e9ndose a lo dispuesto en la Ley Org\u00e1nica 1\/2002, de 22 de marzo, reguladora del Derecho de Asociaci\u00f3n y Ley 7\/2007, de 22 de junio, de Asociaciones de Euskadi, aprobada por el Parlamento Vasco, de acuerdo con lo establecido en los art\u00edculos 9 y 10.13 del Estatuto de Autonom\u00eda para el Pa\u00eds Vasco e inscrita en el Registro de Asociaciones con el n\u00ba AS\/G\/13691\/2008.<\/p>\n<p>Dicha Asociaci\u00f3n se rige por los preceptos de las citadas Leyes de Asociaciones, por los estatutos de la propia entidad y por los acuerdos v\u00e1lidamente adoptados por sus \u00f3rganos de gobierno y gesti\u00f3n.<\/p>\n<p><img loading=\"lazy\" decoding=\"async\" class=\"alignnone size-full wp-image-253\" src=\"https:\/\/www.umealaia.org\/gipuzkoa\/wp-content\/uploads\/sites\/2\/2016\/03\/ninos.jpg\" alt=\"ninos\" width=\"434\" height=\"93\" srcset=\"https:\/\/www.umealaia.org\/gipuzkoa\/wp-content\/uploads\/sites\/2\/2016\/03\/ninos.jpg 434w, https:\/\/www.umealaia.org\/gipuzkoa\/wp-content\/uploads\/sites\/2\/2016\/03\/ninos-300x64.jpg 300w, https:\/\/www.umealaia.org\/gipuzkoa\/wp-content\/uploads\/sites\/2\/2016\/03\/ninos-410x88.jpg 410w, https:\/\/www.umealaia.org\/gipuzkoa\/wp-content\/uploads\/sites\/2\/2016\/03\/ninos-100x21.jpg 100w, https:\/\/www.umealaia.org\/gipuzkoa\/wp-content\/uploads\/sites\/2\/2016\/03\/ninos-275x59.jpg 275w\" sizes=\"auto, (max-width: 434px) 100vw, 434px\" \/><\/p>\n","protected":false},"excerpt":{"rendered":"<p>Ume Alaia nace en Bizkaia en 1994, organiz\u00e1ndose desde el a\u00f1o 2001 en Gipuzkoa como un \u00e1rea de la asociaci\u00f3n con autonom\u00eda en la organizaci\u00f3n de actividades. La evoluci\u00f3n de Ume Alaia se ha producido gracias al empuje de unos padres y madres que quieren vivir y disfrutar con responsabilidad de la parentalidad adoptiva, sin [&hellip;]<\/p>\n","protected":false},"author":1,"featured_media":0,"parent":0,"menu_order":0,"comment_status":"closed","ping_status":"closed","template":"","meta":{"_acf_changed":false,"footnotes":""},"class_list":["post-203","page","type-page","status-publish","hentry"],"acf":[],"_links":{"self":[{"href":"https:\/\/www.umealaia.org\/gipuzkoa\/wp-json\/wp\/v2\/pages\/203","targetHints":{"allow":["GET"]}}],"collection":[{"href":"https:\/\/www.umealaia.org\/gipuzkoa\/wp-json\/wp\/v2\/pages"}],"about":[{"href":"https:\/\/www.umealaia.org\/gipuzkoa\/wp-json\/wp\/v2\/types\/page"}],"author":[{"embeddable":true,"href":"https:\/\/www.umealaia.org\/gipuzkoa\/wp-json\/wp\/v2\/users\/1"}],"replies":[{"embeddable":true,"href":"https:\/\/www.umealaia.org\/gipuzkoa\/wp-json\/wp\/v2\/comments?post=203"}],"version-history":[{"count":5,"href":"https:\/\/www.umealaia.org\/gipuzkoa\/wp-json\/wp\/v2\/pages\/203\/revisions"}],"predecessor-version":[{"id":333,"href":"https:\/\/www.umealaia.org\/gipuzkoa\/wp-json\/wp\/v2\/pages\/203\/revisions\/333"}],"wp:attachment":[{"href":"https:\/\/www.umealaia.org\/gipuzkoa\/wp-json\/wp\/v2\/media?parent=203"}],"curies":[{"name":"wp","href":"https:\/\/api.w.org\/{rel}","templated":true}]}}