{"id":156,"date":"2016-02-17T14:31:59","date_gmt":"2016-02-17T14:31:59","guid":{"rendered":"https:\/\/www.umealaia.org\/gipuzkoa\/?page_id=156"},"modified":"2016-02-17T14:31:59","modified_gmt":"2016-02-17T14:31:59","slug":"ludoteca","status":"publish","type":"page","link":"https:\/\/www.umealaia.org\/gipuzkoa\/programas\/ludoteca\/","title":{"rendered":"Ludoteca"},"content":{"rendered":"<p>Es un servicio complementario al programa de formaci\u00f3n con el objetivo de favorecer la asistencia de las familias a las charlas.<\/p>\n<p>Durante la charla y con el mismo horario, se ofrece un servicio de ludoteca gratuito para los\/as hijos\/as de los\/as participantes.<\/p>\n<p>La edad m\u00ednima de los\/as ni\u00f1os\/as para utilizar el servicio es de 3 a\u00f1os. Las personas responsables del grupo organizar\u00e1n distintas actividades en funci\u00f3n de la edad de los menores.<\/p>\n<p>La Ludoteca tendr\u00e1 un m\u00e1ximo de 30 plazas, de las que 25 ser\u00e1n para los\/as socios\/as y 5 para otras familias.<\/p>\n<p>Es imprescindible haberse apuntado, por lo menos con\u00a0dos d\u00edas de antelaci\u00f3n\u00a0a la charla. El\/la menor que no este registrado no podr\u00e1 quedarse.<\/p>\n","protected":false},"excerpt":{"rendered":"<p>Es un servicio complementario al programa de formaci\u00f3n con el objetivo de favorecer la asistencia de las familias a las charlas. Durante la charla y con el mismo horario, se ofrece un servicio de ludoteca gratuito para los\/as hijos\/as de los\/as participantes. La edad m\u00ednima de los\/as ni\u00f1os\/as para utilizar el servicio es de 3 [&hellip;]<\/p>\n","protected":false},"author":1,"featured_media":0,"parent":135,"menu_order":0,"comment_status":"closed","ping_status":"closed","template":"","meta":{"_acf_changed":false,"footnotes":""},"class_list":["post-156","page","type-page","status-publish","hentry"],"acf":[],"_links":{"self":[{"href":"https:\/\/www.umealaia.org\/gipuzkoa\/wp-json\/wp\/v2\/pages\/156","targetHints":{"allow":["GET"]}}],"collection":[{"href":"https:\/\/www.umealaia.org\/gipuzkoa\/wp-json\/wp\/v2\/pages"}],"about":[{"href":"https:\/\/www.umealaia.org\/gipuzkoa\/wp-json\/wp\/v2\/types\/page"}],"author":[{"embeddable":true,"href":"https:\/\/www.umealaia.org\/gipuzkoa\/wp-json\/wp\/v2\/users\/1"}],"replies":[{"embeddable":true,"href":"https:\/\/www.umealaia.org\/gipuzkoa\/wp-json\/wp\/v2\/comments?post=156"}],"version-history":[{"count":1,"href":"https:\/\/www.umealaia.org\/gipuzkoa\/wp-json\/wp\/v2\/pages\/156\/revisions"}],"predecessor-version":[{"id":157,"href":"https:\/\/www.umealaia.org\/gipuzkoa\/wp-json\/wp\/v2\/pages\/156\/revisions\/157"}],"up":[{"embeddable":true,"href":"https:\/\/www.umealaia.org\/gipuzkoa\/wp-json\/wp\/v2\/pages\/135"}],"wp:attachment":[{"href":"https:\/\/www.umealaia.org\/gipuzkoa\/wp-json\/wp\/v2\/media?parent=156"}],"curies":[{"name":"wp","href":"https:\/\/api.w.org\/{rel}","templated":true}]}}