{"id":154,"date":"2016-02-17T14:30:51","date_gmt":"2016-02-17T14:30:51","guid":{"rendered":"https:\/\/www.umealaia.org\/gipuzkoa\/?page_id=154"},"modified":"2016-02-17T14:30:51","modified_gmt":"2016-02-17T14:30:51","slug":"encuentros-de-familias","status":"publish","type":"page","link":"https:\/\/www.umealaia.org\/gipuzkoa\/programas\/encuentros-de-familias\/","title":{"rendered":"Encuentros de familias"},"content":{"rendered":"<p>Son actividades abiertas tanto para familias en situaci\u00f3n preadoptiva como postadoptiva y son una oportunidad, con muy buena acogida entre los socios, para el intercambio de experiencias y realidades de la adopci\u00f3n en un ambiente distendido.<br \/>\nEstas actividades tambi\u00e9n desean fomentar redes de encuentro de menores con or\u00edgenes culturales y\/o \u00e9tnicos similares que ayuden al fortalecimiento de la integraci\u00f3n en su entorno adoptivo al tiempo que el mantenimiento de sus or\u00edgenes. Adem\u00e1s se organizan salidas de fin de semana para los\/as adolescentes con monitores de tiempo libre. Es una actividad con buena acogida por los\/as chicos\/as\u00a0y sus padres\/madres.<\/p>\n<p>A lo largo del a\u00f1o Ume Alaia Gipuzkoa organiza cuatro encuentros destacados, donde las familias adem\u00e1s de compartir experiencias hacen amistades y los\/as ni\u00f1os\/as disfrutan y se relacionan con otros\/as en su misma situaci\u00f3n.<\/p>\n<p>Para facilitar la participaci\u00f3n se realizan preferentemente en s\u00e1bado o domingo.<\/p>\n","protected":false},"excerpt":{"rendered":"<p>Son actividades abiertas tanto para familias en situaci\u00f3n preadoptiva como postadoptiva y son una oportunidad, con muy buena acogida entre los socios, para el intercambio de experiencias y realidades de la adopci\u00f3n en un ambiente distendido. Estas actividades tambi\u00e9n desean fomentar redes de encuentro de menores con or\u00edgenes culturales y\/o \u00e9tnicos similares que ayuden al [&hellip;]<\/p>\n","protected":false},"author":1,"featured_media":0,"parent":135,"menu_order":0,"comment_status":"closed","ping_status":"closed","template":"","meta":{"_acf_changed":false,"footnotes":""},"class_list":["post-154","page","type-page","status-publish","hentry"],"acf":[],"_links":{"self":[{"href":"https:\/\/www.umealaia.org\/gipuzkoa\/wp-json\/wp\/v2\/pages\/154","targetHints":{"allow":["GET"]}}],"collection":[{"href":"https:\/\/www.umealaia.org\/gipuzkoa\/wp-json\/wp\/v2\/pages"}],"about":[{"href":"https:\/\/www.umealaia.org\/gipuzkoa\/wp-json\/wp\/v2\/types\/page"}],"author":[{"embeddable":true,"href":"https:\/\/www.umealaia.org\/gipuzkoa\/wp-json\/wp\/v2\/users\/1"}],"replies":[{"embeddable":true,"href":"https:\/\/www.umealaia.org\/gipuzkoa\/wp-json\/wp\/v2\/comments?post=154"}],"version-history":[{"count":1,"href":"https:\/\/www.umealaia.org\/gipuzkoa\/wp-json\/wp\/v2\/pages\/154\/revisions"}],"predecessor-version":[{"id":155,"href":"https:\/\/www.umealaia.org\/gipuzkoa\/wp-json\/wp\/v2\/pages\/154\/revisions\/155"}],"up":[{"embeddable":true,"href":"https:\/\/www.umealaia.org\/gipuzkoa\/wp-json\/wp\/v2\/pages\/135"}],"wp:attachment":[{"href":"https:\/\/www.umealaia.org\/gipuzkoa\/wp-json\/wp\/v2\/media?parent=154"}],"curies":[{"name":"wp","href":"https:\/\/api.w.org\/{rel}","templated":true}]}}