{"id":141,"date":"2016-02-17T14:27:29","date_gmt":"2016-02-17T14:27:29","guid":{"rendered":"https:\/\/www.umealaia.org\/gipuzkoa\/?page_id=141"},"modified":"2022-02-01T11:19:11","modified_gmt":"2022-02-01T11:19:11","slug":"atencion-a-las-familias-y-profesionales","status":"publish","type":"page","link":"https:\/\/www.umealaia.org\/gipuzkoa\/programas\/atencion-a-las-familias-y-profesionales\/","title":{"rendered":"Atenci\u00f3n a las familias y profesionales"},"content":{"rendered":"<dl>\n<dt><strong>Actividad integrada en el programa\u00a0<a href=\"http:\/\/www.umealaia.com\/index.php\/es\/programas\/atencion-a-familias-y-profesionales\/26-servicios\/86-programa-adobide\">ADOBIDE<\/a>\u00a0en colaboraci\u00f3n con el Departamento de Pol\u00edtica Social de la Diputaci\u00f3n Foral de Gipuzkoa.<\/strong><strong><br \/>\n<\/strong><\/dt>\n<\/dl>\n<p>Ume Alaia Gipuzkoa gestiona un servicio de informaci\u00f3n actualizada sobre procedimientos, requisitos, normativa, recursos, etc. para familias interesadas en la adopci\u00f3n, familias que han adoptado, adoptados adultos y profesionales interesados en la adopci\u00f3n o que demandan informaci\u00f3n para poder responder de manera adecuada en sus respectivos \u00e1mbitos profesionales. Labor que complementa el trabajo que realiza la Diputaci\u00f3n Foral de Gipuzkoa.<\/p>\n<p>Para ello dispone de documentaci\u00f3n actualizada, contacto directo con las administraciones implicadas, relaci\u00f3n estrecha con otras asociaciones de familias a nivel estatal y profesionales experimentados en adopci\u00f3n.<\/p>\n<p>Objetivos<\/p>\n<ul>\n<li>Ofrecer todo tipo de informaci\u00f3n relativa a la adopci\u00f3n de menores, tanto nacional como internacional.<\/li>\n<li>Disponer de documentaci\u00f3n actualizada en temas de inter\u00e9s.<\/li>\n<li>Mantener contacto con otras asociaciones de padres adoptantes de \u00e1mbito nacional e internacional.<\/li>\n<li>Contribuir a normalizar las vivencias de las familias adoptivas.<\/li>\n<li>Proporcionar informaci\u00f3n a profesionales implicados en la atenci\u00f3n y apoyo a familias y menores adoptados, mediante la invitaci\u00f3n a las actividades organizadas, la planificaci\u00f3n de acciones espec\u00edficas y la divulgaci\u00f3n de material de inter\u00e9s.<\/li>\n<\/ul>\n","protected":false},"excerpt":{"rendered":"<p>Actividad integrada en el programa\u00a0ADOBIDE\u00a0en colaboraci\u00f3n con el Departamento de Pol\u00edtica Social de la Diputaci\u00f3n Foral de Gipuzkoa. Ume Alaia Gipuzkoa gestiona un servicio de informaci\u00f3n actualizada sobre procedimientos, requisitos, normativa, recursos, etc. para familias interesadas en la adopci\u00f3n, familias que han adoptado, adoptados adultos y profesionales interesados en la adopci\u00f3n o que demandan informaci\u00f3n [&hellip;]<\/p>\n","protected":false},"author":1,"featured_media":0,"parent":135,"menu_order":0,"comment_status":"closed","ping_status":"closed","template":"","meta":{"_acf_changed":false,"footnotes":""},"class_list":["post-141","page","type-page","status-publish","hentry"],"acf":[],"_links":{"self":[{"href":"https:\/\/www.umealaia.org\/gipuzkoa\/wp-json\/wp\/v2\/pages\/141","targetHints":{"allow":["GET"]}}],"collection":[{"href":"https:\/\/www.umealaia.org\/gipuzkoa\/wp-json\/wp\/v2\/pages"}],"about":[{"href":"https:\/\/www.umealaia.org\/gipuzkoa\/wp-json\/wp\/v2\/types\/page"}],"author":[{"embeddable":true,"href":"https:\/\/www.umealaia.org\/gipuzkoa\/wp-json\/wp\/v2\/users\/1"}],"replies":[{"embeddable":true,"href":"https:\/\/www.umealaia.org\/gipuzkoa\/wp-json\/wp\/v2\/comments?post=141"}],"version-history":[{"count":1,"href":"https:\/\/www.umealaia.org\/gipuzkoa\/wp-json\/wp\/v2\/pages\/141\/revisions"}],"predecessor-version":[{"id":142,"href":"https:\/\/www.umealaia.org\/gipuzkoa\/wp-json\/wp\/v2\/pages\/141\/revisions\/142"}],"up":[{"embeddable":true,"href":"https:\/\/www.umealaia.org\/gipuzkoa\/wp-json\/wp\/v2\/pages\/135"}],"wp:attachment":[{"href":"https:\/\/www.umealaia.org\/gipuzkoa\/wp-json\/wp\/v2\/media?parent=141"}],"curies":[{"name":"wp","href":"https:\/\/api.w.org\/{rel}","templated":true}]}}