{"id":139,"date":"2016-02-17T14:27:03","date_gmt":"2016-02-17T14:27:03","guid":{"rendered":"https:\/\/www.umealaia.org\/gipuzkoa\/?page_id=139"},"modified":"2016-02-17T14:27:03","modified_gmt":"2016-02-17T14:27:03","slug":"programa-de-asesoramiento-psicologico","status":"publish","type":"page","link":"https:\/\/www.umealaia.org\/gipuzkoa\/programas\/programa-de-asesoramiento-psicologico\/","title":{"rendered":"Programa de asesoramiento psicol\u00f3gico"},"content":{"rendered":"<dl>\n<dt><strong>Actividad integrada en el programa\u00a0<a href=\"http:\/\/www.umealaia.com\/index.php\/es\/programas\/asesoramiento-a-familias\/26-servicios\/86-programa-adobide\">ADOBIDE<\/a>\u00a0en colaboraci\u00f3n con el Departamento de Pol\u00edtica Social de la Diputaci\u00f3n Foral de Gipuzkoa.<\/strong><strong><br \/>\n<\/strong><\/dt>\n<\/dl>\n<p>Este servicio pretende abordar cuanto antes las dificultades que puedan presentar el\/la adoptado\/a, ni\u00f1o\/a o adulto\/a, y\/o su familia en el proceso iniciado y a lo largo del mismo, para de esta manera realizar una labor preventiva o en su caso una intervenci\u00f3n precoz.<\/p>\n<p>La atenci\u00f3n es realizada por psic\u00f3logos\/as expertos\/as y especializados\/as en adopci\u00f3n.<\/p>\n<p class=\"estilo21\">Para utilizar el servicio es necesario ser socio\/a y concertar una cita a trav\u00e9s de la asociaci\u00f3n.<\/p>\n","protected":false},"excerpt":{"rendered":"<p>Actividad integrada en el programa\u00a0ADOBIDE\u00a0en colaboraci\u00f3n con el Departamento de Pol\u00edtica Social de la Diputaci\u00f3n Foral de Gipuzkoa. Este servicio pretende abordar cuanto antes las dificultades que puedan presentar el\/la adoptado\/a, ni\u00f1o\/a o adulto\/a, y\/o su familia en el proceso iniciado y a lo largo del mismo, para de esta manera realizar una labor preventiva [&hellip;]<\/p>\n","protected":false},"author":1,"featured_media":0,"parent":135,"menu_order":0,"comment_status":"closed","ping_status":"closed","template":"","meta":{"_acf_changed":false,"footnotes":""},"class_list":["post-139","page","type-page","status-publish","hentry"],"acf":[],"_links":{"self":[{"href":"https:\/\/www.umealaia.org\/gipuzkoa\/wp-json\/wp\/v2\/pages\/139","targetHints":{"allow":["GET"]}}],"collection":[{"href":"https:\/\/www.umealaia.org\/gipuzkoa\/wp-json\/wp\/v2\/pages"}],"about":[{"href":"https:\/\/www.umealaia.org\/gipuzkoa\/wp-json\/wp\/v2\/types\/page"}],"author":[{"embeddable":true,"href":"https:\/\/www.umealaia.org\/gipuzkoa\/wp-json\/wp\/v2\/users\/1"}],"replies":[{"embeddable":true,"href":"https:\/\/www.umealaia.org\/gipuzkoa\/wp-json\/wp\/v2\/comments?post=139"}],"version-history":[{"count":1,"href":"https:\/\/www.umealaia.org\/gipuzkoa\/wp-json\/wp\/v2\/pages\/139\/revisions"}],"predecessor-version":[{"id":140,"href":"https:\/\/www.umealaia.org\/gipuzkoa\/wp-json\/wp\/v2\/pages\/139\/revisions\/140"}],"up":[{"embeddable":true,"href":"https:\/\/www.umealaia.org\/gipuzkoa\/wp-json\/wp\/v2\/pages\/135"}],"wp:attachment":[{"href":"https:\/\/www.umealaia.org\/gipuzkoa\/wp-json\/wp\/v2\/media?parent=139"}],"curies":[{"name":"wp","href":"https:\/\/api.w.org\/{rel}","templated":true}]}}