{"id":315,"date":"2021-10-23T13:30:29","date_gmt":"2021-10-23T12:30:29","guid":{"rendered":"https:\/\/www.umealaia.org\/?page_id=315"},"modified":"2021-10-23T13:30:29","modified_gmt":"2021-10-23T12:30:29","slug":"kontaktua","status":"publish","type":"page","link":"https:\/\/www.umealaia.org\/eu\/kontaktua\/","title":{"rendered":"Kontaktua"},"content":{"rendered":"<p>&nbsp;<\/p>\n<div class=\"contacto\">\n<p align=\"JUSTIFY\">Para  contactar  con  la  Federaci\u00f3n  puedes  escribir  un  correo  electr\u00f3nico  a  <a href=\"mailto:umealaia@umealaia.eus\">umealaia@umealaia.eus<\/a>,  aunque  es  probable  que  prefieras  contactar  directamente  con  la  asociaci\u00f3n  que  trabaja  d\u00eda  a  d\u00eda  en  tu  territorio,  en  ese  caso  escribe,  seg\u00fan  corresponda  a  :  <a href=\"mailto:araba@umealaia.eus\">araba@umealaia.eus<\/a>,  <a href=\"mailto:bizkaia@umealaia.eus\">bizkaia@umealaia.eus<\/a>  o  <a href=\"mailto:gipuzkoa@umealaia.eus\">gipuzkoa@umealaia.eus<\/a>  .<\/p>\n<\/div>\n<p>&nbsp;<\/p>\n","protected":false},"excerpt":{"rendered":"<p>&nbsp;  Para  contactar  con  la  Federaci\u00f3n  puedes  escribir  un  correo  electr\u00f3nico  a  umealaia@umealaia.eus,  aunque  es  probable  que  prefieras  contactar  directamente  con  la  asociaci\u00f3n  que  trabaja  d\u00eda  a  d\u00eda  en  tu  territorio,  en  ese  caso  escribe,  seg\u00fan  corresponda  a  :  araba@umealaia.eus,  bizkaia@umealaia.eus  o  gipuzkoa@umealaia.eus  .  &nbsp;<\/p>\n","protected":false},"author":1,"featured_media":0,"parent":0,"menu_order":0,"comment_status":"closed","ping_status":"closed","template":"","meta":{"_acf_changed":false,"footnotes":""},"class_list":["post-315","page","type-page","status-publish","hentry"],"acf":[],"_links":{"self":[{"href":"https:\/\/www.umealaia.org\/eu\/wp-json\/wp\/v2\/pages\/315","targetHints":{"allow":["GET"]}}],"collection":[{"href":"https:\/\/www.umealaia.org\/eu\/wp-json\/wp\/v2\/pages"}],"about":[{"href":"https:\/\/www.umealaia.org\/eu\/wp-json\/wp\/v2\/types\/page"}],"author":[{"embeddable":true,"href":"https:\/\/www.umealaia.org\/eu\/wp-json\/wp\/v2\/users\/1"}],"replies":[{"embeddable":true,"href":"https:\/\/www.umealaia.org\/eu\/wp-json\/wp\/v2\/comments?post=315"}],"version-history":[{"count":1,"href":"https:\/\/www.umealaia.org\/eu\/wp-json\/wp\/v2\/pages\/315\/revisions"}],"predecessor-version":[{"id":316,"href":"https:\/\/www.umealaia.org\/eu\/wp-json\/wp\/v2\/pages\/315\/revisions\/316"}],"wp:attachment":[{"href":"https:\/\/www.umealaia.org\/eu\/wp-json\/wp\/v2\/media?parent=315"}],"curies":[{"name":"wp","href":"https:\/\/api.w.org\/{rel}","templated":true}]}}