{"id":301,"date":"2016-02-11T15:24:38","date_gmt":"2016-02-11T14:24:38","guid":{"rendered":"https:\/\/www.umealaia.org\/quienes-somos\/"},"modified":"2021-10-23T13:27:33","modified_gmt":"2021-10-23T12:27:33","slug":"nor-gara","status":"publish","type":"page","link":"https:\/\/www.umealaia.org\/eu\/nor-gara\/","title":{"rendered":"Nor  gara"},"content":{"rendered":"<p>Somos  un  grupo  de  padres  y  madres  adoptantes  que  de  manera  voluntaria  y  no  lucrativa  dedicamos  parte  de  nuestro  tiempo  a  un  proyecto  asociativo,  que  a  nuestro  entender,  es  muy  enriquecedor  para  todos  quienes  se  acercan  al  mundo  de  la  adopci\u00f3n,  bien  sea  nacional  o  internacional.<\/p>\n<p>Las  familias  que  formamos  UME  ALAIA  pensamos  que  ser  padre  y  madre,  adem\u00e1s  de  compartir  lazos  biol\u00f3gicos,  significa  comprender  que  tambi\u00e9n  los  hijos  nacen  en  el  coraz\u00f3n  e\u00a0  independientemente  de  su  procedencia,  lo  que  nos  hace  padres  y  madres  es  el  cari\u00f1o,  la  entrega  y  la  dedicaci\u00f3n  diaria.<\/p>\n","protected":false},"excerpt":{"rendered":"<p>Somos  un  grupo  de  padres  y  madres  adoptantes  que  de  manera  voluntaria  y  no  lucrativa  dedicamos  parte  de  nuestro  tiempo  a  un  proyecto  asociativo,  que  a  nuestro  entender,  es  muy  enriquecedor  para  todos  quienes  se  acercan  al  mundo  de  la  adopci\u00f3n,  bien  sea  nacional  o  internacional.  Las  familias  que  formamos  UME  ALAIA  pensamos  que  ser  [&hellip;]<\/p>\n","protected":false},"author":1,"featured_media":0,"parent":0,"menu_order":0,"comment_status":"closed","ping_status":"closed","template":"quienes-somos.php","meta":{"_acf_changed":false,"footnotes":""},"class_list":["post-301","page","type-page","status-publish","hentry"],"acf":[],"_links":{"self":[{"href":"https:\/\/www.umealaia.org\/eu\/wp-json\/wp\/v2\/pages\/301","targetHints":{"allow":["GET"]}}],"collection":[{"href":"https:\/\/www.umealaia.org\/eu\/wp-json\/wp\/v2\/pages"}],"about":[{"href":"https:\/\/www.umealaia.org\/eu\/wp-json\/wp\/v2\/types\/page"}],"author":[{"embeddable":true,"href":"https:\/\/www.umealaia.org\/eu\/wp-json\/wp\/v2\/users\/1"}],"replies":[{"embeddable":true,"href":"https:\/\/www.umealaia.org\/eu\/wp-json\/wp\/v2\/comments?post=301"}],"version-history":[{"count":1,"href":"https:\/\/www.umealaia.org\/eu\/wp-json\/wp\/v2\/pages\/301\/revisions"}],"predecessor-version":[{"id":303,"href":"https:\/\/www.umealaia.org\/eu\/wp-json\/wp\/v2\/pages\/301\/revisions\/303"}],"wp:attachment":[{"href":"https:\/\/www.umealaia.org\/eu\/wp-json\/wp\/v2\/media?parent=301"}],"curies":[{"name":"wp","href":"https:\/\/api.w.org\/{rel}","templated":true}]}}