{"id":161,"date":"2016-03-17T16:35:50","date_gmt":"2016-03-17T15:35:50","guid":{"rendered":"https:\/\/www.umealaia.org\/bizkaia\/?page_id=161"},"modified":"2023-04-21T14:02:09","modified_gmt":"2023-04-21T13:02:09","slug":"161-2","status":"publish","type":"page","link":"https:\/\/www.umealaia.org\/bizkaia\/enlaces\/161-2\/","title":{"rendered":"General"},"content":{"rendered":"<ul class=\"simple-links-list\" ><li class=\"simple-links-item simple-links-shortcode-item\" id=\"link-77\"><a href=\"http:\/\/www.adoptivanet.info\/\" target=\"\" title=\"\" >Adopci\u00f3n para principiantes<\/a><\/li><li class=\"simple-links-item simple-links-shortcode-item\" id=\"link-82\"><a href=\"http:\/\/www.buenostratos.com\/\" target=\"\" title=\"\" >BUENOS TRATOS- Blog sobre apego, trauma, resilencia, desarrollo...<\/a><\/li><li class=\"simple-links-item simple-links-shortcode-item\" id=\"link-84\"><a href=\"http:\/\/www.coraenlared.org\/\" target=\"\" title=\"\" >Cora - Coordinadora de Asociaciones en Defensa de la Adopci\u00f3n y el Acogimiento<\/a><\/li><li class=\"simple-links-item simple-links-shortcode-item\" id=\"link-86\"><a href=\"http:\/\/www.peliculasyadopcion.blogspot.com.es\/\" target=\"\" title=\"\" >Pel\u00edculas y Adopci\u00f3n - Un blog sobre documentales y v\u00eddeos sobre adopci\u00f3n, acogimiento y temas relacionados (abandono, orfandad...)<\/a><\/li><li class=\"simple-links-item simple-links-shortcode-item\" id=\"link-88\"><a href=\"http:\/\/www.adoptivanet.info\/empezando\/familia-responsabilidad.php\" target=\"\" title=\"\" >Responsabilidad en la legalidad y \u00e9tica del proceso de adopci\u00f3n<\/a><\/li><\/ul><!-- End .simple-links-list -->\n","protected":false},"excerpt":{"rendered":"","protected":false},"author":1,"featured_media":0,"parent":60,"menu_order":0,"comment_status":"closed","ping_status":"closed","template":"","meta":{"_acf_changed":false,"footnotes":""},"class_list":["post-161","page","type-page","status-publish","hentry"],"acf":[],"_links":{"self":[{"href":"https:\/\/www.umealaia.org\/bizkaia\/wp-json\/wp\/v2\/pages\/161","targetHints":{"allow":["GET"]}}],"collection":[{"href":"https:\/\/www.umealaia.org\/bizkaia\/wp-json\/wp\/v2\/pages"}],"about":[{"href":"https:\/\/www.umealaia.org\/bizkaia\/wp-json\/wp\/v2\/types\/page"}],"author":[{"embeddable":true,"href":"https:\/\/www.umealaia.org\/bizkaia\/wp-json\/wp\/v2\/users\/1"}],"replies":[{"embeddable":true,"href":"https:\/\/www.umealaia.org\/bizkaia\/wp-json\/wp\/v2\/comments?post=161"}],"version-history":[{"count":5,"href":"https:\/\/www.umealaia.org\/bizkaia\/wp-json\/wp\/v2\/pages\/161\/revisions"}],"predecessor-version":[{"id":284,"href":"https:\/\/www.umealaia.org\/bizkaia\/wp-json\/wp\/v2\/pages\/161\/revisions\/284"}],"up":[{"embeddable":true,"href":"https:\/\/www.umealaia.org\/bizkaia\/wp-json\/wp\/v2\/pages\/60"}],"wp:attachment":[{"href":"https:\/\/www.umealaia.org\/bizkaia\/wp-json\/wp\/v2\/media?parent=161"}],"curies":[{"name":"wp","href":"https:\/\/api.w.org\/{rel}","templated":true}]}}